{"id":1662,"date":"2022-08-26T16:52:25","date_gmt":"2022-08-26T14:52:25","guid":{"rendered":"http:\/\/optimus-development.local\/inhalt-kommt-bald\/"},"modified":"2022-08-29T11:02:27","modified_gmt":"2022-08-29T09:02:27","slug":"inhalt-kommt-bald","status":"publish","type":"page","link":"https:\/\/op-development.com\/de\/inhalt-kommt-bald\/","title":{"rendered":"Inhalt kommt bald"},"content":{"rendered":"<style>\/*! elementor - v3.7.2 - 21-08-2022 *\/\n.elementor-heading-title{padding:0;margin:0;line-height:1}.elementor-widget-heading .elementor-heading-title[class*=elementor-size-]>a{color:inherit;font-size:inherit;line-height:inherit}.elementor-widget-heading .elementor-heading-title.elementor-size-small{font-size:15px}.elementor-widget-heading .elementor-heading-title.elementor-size-medium{font-size:19px}.elementor-widget-heading .elementor-heading-title.elementor-size-large{font-size:29px}.elementor-widget-heading .elementor-heading-title.elementor-size-xl{font-size:39px}.elementor-widget-heading .elementor-heading-title.elementor-size-xxl{font-size:59px}<\/style>\n<h2>Website-Redesign in Arbeit, <br \/>neue Inhalte folgen in K\u00fcrze! \ud83d\ude01<\/h2>\n<p>Der Inhalt, den Sie sehen m\u00f6chten, wird derzeit neu gestaltet. Wenn Sie mehr wissen m\u00f6chten oder Hilfe ben\u00f6tigen, kontaktieren Sie uns und wir helfen Ihnen gerne weiter.<\/p>\n<p>\t\t\t<a role=\"button\"><br \/>\n\t\t\t\t\t\tKontaktiere uns<br \/>\n\t\t\t\t\t<\/a><\/p>\n","protected":false},"excerpt":{"rendered":"<p>Website-Redesign in Arbeit, neue Inhalte folgen in K\u00fcrze! \ud83d\ude01 Der Inhalt, den Sie sehen m\u00f6chten, wird derzeit neu gestaltet. Wenn Sie mehr wissen m\u00f6chten oder Hilfe ben\u00f6tigen, kontaktieren Sie uns und wir helfen Ihnen gerne weiter. Kontaktiere uns<\/p>\n","protected":false},"author":1,"featured_media":0,"parent":0,"menu_order":0,"comment_status":"closed","ping_status":"closed","template":"","meta":{"footnotes":""},"class_list":["post-1662","page","type-page","status-publish","hentry"],"_links":{"self":[{"href":"https:\/\/op-development.com\/de\/wp-json\/wp\/v2\/pages\/1662","targetHints":{"allow":["GET"]}}],"collection":[{"href":"https:\/\/op-development.com\/de\/wp-json\/wp\/v2\/pages"}],"about":[{"href":"https:\/\/op-development.com\/de\/wp-json\/wp\/v2\/types\/page"}],"author":[{"embeddable":true,"href":"https:\/\/op-development.com\/de\/wp-json\/wp\/v2\/users\/1"}],"replies":[{"embeddable":true,"href":"https:\/\/op-development.com\/de\/wp-json\/wp\/v2\/comments?post=1662"}],"version-history":[{"count":0,"href":"https:\/\/op-development.com\/de\/wp-json\/wp\/v2\/pages\/1662\/revisions"}],"wp:attachment":[{"href":"https:\/\/op-development.com\/de\/wp-json\/wp\/v2\/media?parent=1662"}],"curies":[{"name":"wp","href":"https:\/\/api.w.org\/{rel}","templated":true}]}}